{"id":1169,"date":"2022-04-13T21:00:43","date_gmt":"2022-04-14T00:00:43","guid":{"rendered":"http:\/\/bentabrigaderia.com.br\/?page_id=1169"},"modified":"2022-06-03T17:22:34","modified_gmt":"2022-06-03T20:22:34","slug":"contato","status":"publish","type":"page","link":"https:\/\/bentabrigaderia.com.br\/?page_id=1169","title":{"rendered":"Contato"},"content":{"rendered":"<style>\/*! elementor - v3.6.5 - 27-04-2022 *\/\n.elementor-widget-image{text-align:center}.elementor-widget-image a{display:inline-block}.elementor-widget-image a img[src$=\".svg\"]{width:48px}.elementor-widget-image img{vertical-align:middle;display:inline-block}<\/style>\n<p>\t\t\t\t\t\t\t\t\t\t\t\t\t<a href=\"https:\/\/bentabrigaderia.com.br\"><br \/>\n\t\t\t\t\t\t\t<img decoding=\"async\" width=\"215\" height=\"300\" src=\"https:\/\/bentabrigaderia.com.br\/wp-content\/uploads\/2022\/06\/logo-benta-1-215x300.jpg\" alt=\"\" loading=\"lazy\" srcset=\"https:\/\/bentabrigaderia.com.br\/wp-content\/uploads\/2022\/06\/logo-benta-1-215x300.jpg 215w, https:\/\/bentabrigaderia.com.br\/wp-content\/uploads\/2022\/06\/logo-benta-1.jpg 680w\" sizes=\"auto, (max-width: 215px) 100vw, 215px\" \/>\t\t\t\t\t\t\t\t<\/a><\/p>\n<ul id=\"menu-menu-mobile\">\n<li id=\"menu-item-1652\"><a href=\"https:\/\/bentabrigaderia.com.br\/\">Home<\/a><\/li>\n<li id=\"menu-item-1653\"><a href=\"https:\/\/bentabrigaderia.com.br\/#produtos\">Produtos<\/a><\/li>\n<li id=\"menu-item-1654\"><a href=\"https:\/\/bentabrigaderia.com.br\/#servicos\">Servi\u00e7os<\/a><\/li>\n<li id=\"menu-item-1655\"><a href=\"https:\/\/bentabrigaderia.com.br\/#quem-somos\">Quem Somos<\/a><\/li>\n<li id=\"menu-item-1656\"><a href=\"https:\/\/bentabrigaderia.com.br\/?page_id=1169\">Contato<\/a><\/li>\n<\/ul>\n<p>            <a href=\"https:\/\/bentabrigaderia.com.br\/?page_id=1169\" data-text=\"Fale Conosco\"><br \/>\n                    Contato<br \/>\n            <\/a><\/p>\n<h2>contato <\/h2>\n<p>Mesclando presta\u00e7\u00e3o de servi\u00e7os, cria\u00e7\u00e3o de produtos sob medida, al\u00e9m de um time de profissionais altamente capacitado nas tend\u00eancias de mercado. Estamos prontos para transformar seus sonhos em realidade e levar at\u00e9 voc\u00ea as melhores experi\u00eancias gustativas.<\/p>\n<p>\t\t\t\t\t\t\t\t\t\t\t\t\t\t\t<img decoding=\"async\" width=\"1024\" height=\"979\" src=\"https:\/\/bentabrigaderia.com.br\/wp-content\/uploads\/2022\/06\/Que-tal-um-cafe-1024x979.jpg\" alt=\"\" loading=\"lazy\" srcset=\"https:\/\/bentabrigaderia.com.br\/wp-content\/uploads\/2022\/06\/Que-tal-um-cafe-1024x979.jpg 1024w, https:\/\/bentabrigaderia.com.br\/wp-content\/uploads\/2022\/06\/Que-tal-um-cafe-300x287.jpg 300w, https:\/\/bentabrigaderia.com.br\/wp-content\/uploads\/2022\/06\/Que-tal-um-cafe-768x734.jpg 768w, https:\/\/bentabrigaderia.com.br\/wp-content\/uploads\/2022\/06\/Que-tal-um-cafe-1536x1468.jpg 1536w, https:\/\/bentabrigaderia.com.br\/wp-content\/uploads\/2022\/06\/Que-tal-um-cafe-2048x1957.jpg 2048w\" sizes=\"auto, (max-width: 1024px) 100vw, 1024px\" \/>\t\t\t\t\t\t\t\t\t\t\t\t\t\t\t<\/p>\n<style>\/*! elementor - v3.6.5 - 27-04-2022 *\/\n.elementor-heading-title{padding:0;margin:0;line-height:1}.elementor-widget-heading .elementor-heading-title[class*=elementor-size-]>a{color:inherit;font-size:inherit;line-height:inherit}.elementor-widget-heading .elementor-heading-title.elementor-size-small{font-size:15px}.elementor-widget-heading .elementor-heading-title.elementor-size-medium{font-size:19px}.elementor-widget-heading .elementor-heading-title.elementor-size-large{font-size:29px}.elementor-widget-heading .elementor-heading-title.elementor-size-xl{font-size:39px}.elementor-widget-heading .elementor-heading-title.elementor-size-xxl{font-size:59px}<\/style>\n<h3>Agradecemos pela sua Confian\u00e7a<\/h3>\n<p>Queremos lhe assegurar que as informa\u00e7\u00f5es que voc\u00ea nos fornecer n\u00e3o ser\u00e3o, jamais e em hip\u00f3tese alguma, divulgadas publicamente, pode ficar tranquilo(a).<\/p>\n<h4>Endere\u00e7o<\/h4>\n<p><p>R. Dom Estev\u00e3o Brioso, 72 &#8211; Boa Viagem<\/p>\n<\/p>\n<h4>Telefone<\/h4>\n<p><p>(81) 99269-1505<\/p>\n<\/p>\n<h4>E-mail<\/h4>\n<p><p>contato@bentabrigaderia.com.br<\/p>\n<\/p>\n<style>\/*! elementor - v3.6.5 - 27-04-2022 *\/\n.elementor-widget-google_maps .elementor-widget-container{overflow:hidden}.elementor-widget-google_maps iframe{height:300px}<\/style>\n<p>\t\t\t<iframe frameborder=\"0\" scrolling=\"no\" marginheight=\"0\" marginwidth=\"0\"\n\t\t\t\t\tsrc=\"https:\/\/maps.google.com\/maps?q=R.%20Dom%20Estev%C3%A3o%20Brioso%2C%2072%20-%20Boa%20Viagem%2C%20Recife%20-%20PE%2C%2051021-430&#038;t=m&#038;z=17&#038;output=embed&#038;iwloc=near\"\n\t\t\t\t\ttitle=\"R. Dom Estev\u00e3o Brioso, 72 - Boa Viagem, Recife - PE, 51021-430\"\n\t\t\t\t\taria-label=\"R. Dom Estev\u00e3o Brioso, 72 - Boa Viagem, Recife - PE, 51021-430\"\n\t\t\t><\/iframe><\/p>\n<style>\/*! elementor - v3.6.5 - 27-04-2022 *\/\n.e-container.e-container--row .elementor-spacer-inner{width:var(--spacer-size)}.e-container.e-container--column .elementor-spacer-inner,.elementor-column .elementor-spacer-inner{height:var(--spacer-size)}<\/style>\n<style>\/*! elementor - v3.6.5 - 27-04-2022 *\/\nbody.elementor-page .elementor-widget-menu-anchor{margin-bottom:0}<\/style>\n<h2>Solicite uma <b>Proposta<\/b><\/h2>\n<style>\/*! elementor - v3.6.5 - 27-04-2022 *\/\n.elementor-widget-divider{--divider-border-style:none;--divider-border-width:1px;--divider-color:#2c2c2c;--divider-icon-size:20px;--divider-element-spacing:10px;--divider-pattern-height:24px;--divider-pattern-size:20px;--divider-pattern-url:none;--divider-pattern-repeat:repeat-x}.elementor-widget-divider .elementor-divider{display:-webkit-box;display:-ms-flexbox;display:flex}.elementor-widget-divider .elementor-divider__text{font-size:15px;line-height:1;max-width:95%}.elementor-widget-divider .elementor-divider__element{margin:0 var(--divider-element-spacing);-ms-flex-negative:0;flex-shrink:0}.elementor-widget-divider .elementor-icon{font-size:var(--divider-icon-size)}.elementor-widget-divider .elementor-divider-separator{display:-webkit-box;display:-ms-flexbox;display:flex;margin:0;direction:ltr}.elementor-widget-divider--view-line_icon .elementor-divider-separator,.elementor-widget-divider--view-line_text .elementor-divider-separator{-webkit-box-align:center;-ms-flex-align:center;align-items:center}.elementor-widget-divider--view-line_icon .elementor-divider-separator:after,.elementor-widget-divider--view-line_icon .elementor-divider-separator:before,.elementor-widget-divider--view-line_text .elementor-divider-separator:after,.elementor-widget-divider--view-line_text .elementor-divider-separator:before{display:block;content:\"\";border-bottom:0;-webkit-box-flex:1;-ms-flex-positive:1;flex-grow:1;border-top:var(--divider-border-width) var(--divider-border-style) var(--divider-color)}.elementor-widget-divider--element-align-left .elementor-divider .elementor-divider-separator>.elementor-divider__svg:first-of-type{-webkit-box-flex:0;-ms-flex-positive:0;flex-grow:0;-ms-flex-negative:100;flex-shrink:100}.elementor-widget-divider--element-align-left .elementor-divider-separator:before{content:none}.elementor-widget-divider--element-align-left .elementor-divider__element{margin-left:0}.elementor-widget-divider--element-align-right .elementor-divider .elementor-divider-separator>.elementor-divider__svg:last-of-type{-webkit-box-flex:0;-ms-flex-positive:0;flex-grow:0;-ms-flex-negative:100;flex-shrink:100}.elementor-widget-divider--element-align-right .elementor-divider-separator:after{content:none}.elementor-widget-divider--element-align-right .elementor-divider__element{margin-right:0}.elementor-widget-divider:not(.elementor-widget-divider--view-line_text):not(.elementor-widget-divider--view-line_icon) .elementor-divider-separator{border-top:var(--divider-border-width) var(--divider-border-style) var(--divider-color)}.elementor-widget-divider--separator-type-pattern{--divider-border-style:none}.elementor-widget-divider--separator-type-pattern.elementor-widget-divider--view-line .elementor-divider-separator,.elementor-widget-divider--separator-type-pattern:not(.elementor-widget-divider--view-line) .elementor-divider-separator:after,.elementor-widget-divider--separator-type-pattern:not(.elementor-widget-divider--view-line) .elementor-divider-separator:before,.elementor-widget-divider--separator-type-pattern:not([class*=elementor-widget-divider--view]) .elementor-divider-separator{width:100%;min-height:var(--divider-pattern-height);-webkit-mask-size:var(--divider-pattern-size) 100%;mask-size:var(--divider-pattern-size) 100%;-webkit-mask-repeat:var(--divider-pattern-repeat);mask-repeat:var(--divider-pattern-repeat);background-color:var(--divider-color);-webkit-mask-image:var(--divider-pattern-url);mask-image:var(--divider-pattern-url)}.elementor-widget-divider--no-spacing{--divider-pattern-size:auto}.elementor-widget-divider--bg-round{--divider-pattern-repeat:round}.rtl .elementor-widget-divider .elementor-divider__text{direction:rtl}<\/style>\n<p>Nossa equipe est\u00e1 pronta para realizar sonhos. Fale com nossos consultores!<\/p>\n<link rel=\"stylesheet\" href=\"https:\/\/bentabrigaderia.com.br\/wp-content\/plugins\/elementor\/assets\/css\/widget-icon-box.min.css\">\n\t\t\t\t\t\tcontato@bentabrigaderia.com.br<br \/>\n\t\t\t\t\t\t(81) 98912-9105  \/  (81) 99269-1505  \/  (81) 3877-2746<br \/>\n\t\t\t\t\t\tEndere\u00e7o\t\t\t\t\t<\/p>\n<p>\n\t\t\t\t\t\tR. Dom Estev\u00e3o Brioso, 72 &#8211; Boa Viagem, Recife &#8211; PE, 51021-430\t\t\t\t\t<\/p>\n<form action=\"\" method=\"post\"   id=\"\">\n<ul>\n<li data-label=\"Nome\">\n            <label for=\"nome_1676\">Nome *<\/label><br \/>\n                <input\n                    id=\"nome_1676\"\n                    type=\"email\"\n                    data-duplicate=\"\"\n                    data-required=\"yes\"\n                    data-type=\"email\"\n                    data-style=\"wpuf-style\"\n                    name=\"nome\"\n                    placeholder=\"\"\n                    value=\"\"\n                    size=\"40\"\n                    autocomplete=\"email\"\n                \/>\n        <\/li>\n<li data-label=\"E-mail\">\n            <label for=\"e_mail_1676\">E-mail *<\/label><br \/>\n                <input\n                    id=\"e_mail_1676\"\n                    type=\"email\"\n                    data-duplicate=\"\"\n                    data-required=\"yes\"\n                    data-type=\"email\"\n                    data-style=\"wpuf-style\"\n                    name=\"e_mail\"\n                    placeholder=\"\"\n                    value=\"\"\n                    size=\"40\"\n                    autocomplete=\"email\"\n                \/>\n        <\/li>\n<li data-label=\"Telefone\">\n            <label for=\"telefone_1676\">Telefone *<\/label><br \/>\n                <input\n                    id=\"telefone_1676\"\n                    type=\"email\"\n                    data-duplicate=\"\"\n                    data-required=\"yes\"\n                    data-type=\"email\"\n                    data-style=\"wpuf-style\"\n                    name=\"telefone\"\n                    placeholder=\"\"\n                    value=\"\"\n                    size=\"40\"\n                    autocomplete=\"email\"\n                \/>\n        <\/li>\n<li data-label=\"Como podemos te ajudar?\">\n            <label for=\"como_podemos_te_ajudar__1676\">Como podemos te ajudar? *<\/label><br \/>\n                                    <textarea\n                        id=\"como_podemos_te_ajudar__1676\"\n                        name=\"como_podemos_te_ajudar_\"\n                        data-required=\"yes\"\n                        data-type=\"textarea\"\n                        placeholder=\"\"\n                        rows=\"5\"\n                        cols=\"25\"\n                    ><\/textarea>\n                        <\/li>\n<li>\n                &nbsp;<br \/>\n            <input type=\"hidden\" id=\"_wpnonce\" name=\"_wpnonce\" value=\"027561c7d7\" \/><input type=\"hidden\" name=\"_wp_http_referer\" value=\"\/wp-admin\/admin-ajax.php\" \/><br \/>\n            <input type=\"hidden\" name=\"form_id\" value=\"1676\"><br \/>\n            <input type=\"hidden\" name=\"page_id\" value=\"1169\"><br \/>\n            <input type=\"hidden\" name=\"action\" value=\"weforms_frontend_submit\"><br \/>\n                            <input type=\"hidden\" name=\"weforms-front-report\" value=\"no\"><br \/>\n            <input type=\"submit\" name=\"submit\" value=\"Enviar\" \/>\n        <\/li>\n<\/ul><\/form>\n<p>\t\t\t\t\t\t\t\t\t\t\t\t\t\t\t\t<a href=\"https:\/\/bentabrigaderia.com.br\"><br \/>\n\t\t\t\t\t\t\t<img decoding=\"async\" width=\"215\" height=\"300\" src=\"https:\/\/bentabrigaderia.com.br\/wp-content\/uploads\/2022\/06\/logo-benta-1-215x300.jpg\" alt=\"\" loading=\"lazy\" srcset=\"https:\/\/bentabrigaderia.com.br\/wp-content\/uploads\/2022\/06\/logo-benta-1-215x300.jpg 215w, https:\/\/bentabrigaderia.com.br\/wp-content\/uploads\/2022\/06\/logo-benta-1.jpg 680w\" sizes=\"auto, (max-width: 215px) 100vw, 215px\" \/>\t\t\t\t\t\t\t\t<\/a><\/p>\n<p>A Benta Brigaderia \u00e9 um Ateli\u00ea de Brigadeiro Gourmet dedicado \u00e0 fabrica\u00e7\u00e3o de um delicioso doce, combinando blends dos melhores chocolates do mundo com a experi\u00eancia e segredos de fam\u00edlia, apresentamos a voc\u00ea: Um brigadeiro de categoria Gourmet com uma diversidade de sabores.<\/p>\n<style>\/*! elementor - v3.6.5 - 27-04-2022 *\/\n.elementor-widget-social-icons.elementor-grid-0 .elementor-widget-container,.elementor-widget-social-icons.elementor-grid-mobile-0 .elementor-widget-container,.elementor-widget-social-icons.elementor-grid-tablet-0 .elementor-widget-container{line-height:1;font-size:0}.elementor-widget-social-icons:not(.elementor-grid-0):not(.elementor-grid-tablet-0):not(.elementor-grid-mobile-0) .elementor-grid{display:inline-grid}.elementor-widget-social-icons .elementor-grid{grid-column-gap:var(--grid-column-gap,5px);grid-row-gap:var(--grid-row-gap,5px);grid-template-columns:var(--grid-template-columns);-webkit-box-pack:var(--justify-content,center);-ms-flex-pack:var(--justify-content,center);justify-content:var(--justify-content,center);justify-items:var(--justify-content,center)}.elementor-icon.elementor-social-icon{font-size:var(--icon-size,25px);line-height:var(--icon-size,25px);width:calc(var(--icon-size, 25px) + (2 * var(--icon-padding, .5em)));height:calc(var(--icon-size, 25px) + (2 * var(--icon-padding, .5em)))}.elementor-social-icon{--e-social-icon-icon-color:#fff;display:-webkit-inline-box;display:-ms-inline-flexbox;display:inline-flex;background-color:#818a91;-webkit-box-align:center;-ms-flex-align:center;align-items:center;-webkit-box-pack:center;-ms-flex-pack:center;justify-content:center;text-align:center;cursor:pointer}.elementor-social-icon i{color:var(--e-social-icon-icon-color)}.elementor-social-icon svg{fill:var(--e-social-icon-icon-color)}.elementor-social-icon:last-child{margin:0}.elementor-social-icon:hover{opacity:.9;color:#fff}.elementor-social-icon-android{background-color:#a4c639}.elementor-social-icon-apple{background-color:#999}.elementor-social-icon-behance{background-color:#1769ff}.elementor-social-icon-bitbucket{background-color:#205081}.elementor-social-icon-codepen{background-color:#000}.elementor-social-icon-delicious{background-color:#39f}.elementor-social-icon-deviantart{background-color:#05cc47}.elementor-social-icon-digg{background-color:#005be2}.elementor-social-icon-dribbble{background-color:#ea4c89}.elementor-social-icon-elementor{background-color:#d30c5c}.elementor-social-icon-envelope{background-color:#ea4335}.elementor-social-icon-facebook,.elementor-social-icon-facebook-f{background-color:#3b5998}.elementor-social-icon-flickr{background-color:#0063dc}.elementor-social-icon-foursquare{background-color:#2d5be3}.elementor-social-icon-free-code-camp,.elementor-social-icon-freecodecamp{background-color:#006400}.elementor-social-icon-github{background-color:#333}.elementor-social-icon-gitlab{background-color:#e24329}.elementor-social-icon-globe{background-color:#818a91}.elementor-social-icon-google-plus,.elementor-social-icon-google-plus-g{background-color:#dd4b39}.elementor-social-icon-houzz{background-color:#7ac142}.elementor-social-icon-instagram{background-color:#262626}.elementor-social-icon-jsfiddle{background-color:#487aa2}.elementor-social-icon-link{background-color:#818a91}.elementor-social-icon-linkedin,.elementor-social-icon-linkedin-in{background-color:#0077b5}.elementor-social-icon-medium{background-color:#00ab6b}.elementor-social-icon-meetup{background-color:#ec1c40}.elementor-social-icon-mixcloud{background-color:#273a4b}.elementor-social-icon-odnoklassniki{background-color:#f4731c}.elementor-social-icon-pinterest{background-color:#bd081c}.elementor-social-icon-product-hunt{background-color:#da552f}.elementor-social-icon-reddit{background-color:#ff4500}.elementor-social-icon-rss{background-color:#f26522}.elementor-social-icon-shopping-cart{background-color:#4caf50}.elementor-social-icon-skype{background-color:#00aff0}.elementor-social-icon-slideshare{background-color:#0077b5}.elementor-social-icon-snapchat{background-color:#fffc00}.elementor-social-icon-soundcloud{background-color:#f80}.elementor-social-icon-spotify{background-color:#2ebd59}.elementor-social-icon-stack-overflow{background-color:#fe7a15}.elementor-social-icon-steam{background-color:#00adee}.elementor-social-icon-stumbleupon{background-color:#eb4924}.elementor-social-icon-telegram{background-color:#2ca5e0}.elementor-social-icon-thumb-tack{background-color:#1aa1d8}.elementor-social-icon-tripadvisor{background-color:#589442}.elementor-social-icon-tumblr{background-color:#35465c}.elementor-social-icon-twitch{background-color:#6441a5}.elementor-social-icon-twitter{background-color:#1da1f2}.elementor-social-icon-viber{background-color:#665cac}.elementor-social-icon-vimeo{background-color:#1ab7ea}.elementor-social-icon-vk{background-color:#45668e}.elementor-social-icon-weibo{background-color:#dd2430}.elementor-social-icon-weixin{background-color:#31a918}.elementor-social-icon-whatsapp{background-color:#25d366}.elementor-social-icon-wordpress{background-color:#21759b}.elementor-social-icon-xing{background-color:#026466}.elementor-social-icon-yelp{background-color:#af0606}.elementor-social-icon-youtube{background-color:#cd201f}.elementor-social-icon-500px{background-color:#0099e5}.elementor-shape-rounded .elementor-icon.elementor-social-icon{border-radius:10%}.elementor-shape-circle .elementor-icon.elementor-social-icon{border-radius:50%}<\/style>\n<p>\t\t\t\t\t<a href=\"https:\/\/www.facebook.com\/bentabrigaderia\" target=\"_blank\" rel=\"noopener\"><br \/>\n\t\t\t\t\t\tFacebook-f<br \/>\n\t\t\t\t\t\t\t\t\t\t\t<\/a><br \/>\n\t\t\t\t\t<a href=\"https:\/\/www.instagram.com\/bentabrigaderia\/\" target=\"_blank\" rel=\"noopener\"><br \/>\n\t\t\t\t\t\tInstagram<br \/>\n\t\t\t\t\t\t\t\t\t\t\t<\/a><br \/>\n\t\t\t\t\t<a href=\"https:\/\/whats.link\/bentabrigaderia2\" target=\"_blank\" rel=\"noopener\"><br \/>\n\t\t\t\t\t\tWhatsapp<br \/>\n\t\t\t\t\t\t\t\t\t\t\t<\/a><\/p>\n<h4>Produtos<\/h4>\n<link rel=\"stylesheet\" href=\"https:\/\/bentabrigaderia.com.br\/wp-content\/plugins\/elementor\/assets\/css\/widget-icon-list.min.css\">\n<ul>\n<li>\n\t\t\t\t\t\t\t\t\t\t\t<a href=\"https:\/\/demo.templately.com\/fintech-home\/\"><br \/>\n\t\t\t\t\t\t\t\t\t\t\tBrigadeiros Gourmet<br \/>\n\t\t\t\t\t\t\t\t\t\t\t<\/a>\n\t\t\t\t\t\t\t\t\t<\/li>\n<li>\n\t\t\t\t\t\t\t\t\t\t\t<a href=\"https:\/\/demo.templately.com\/fintech-about-us\/\"><br \/>\n\t\t\t\t\t\t\t\t\t\t\tDoces Finos<br \/>\n\t\t\t\t\t\t\t\t\t\t\t<\/a>\n\t\t\t\t\t\t\t\t\t<\/li>\n<li>\n\t\t\t\t\t\t\t\t\t\t\t<a href=\"https:\/\/demo.templately.com\/fintech-services\/\"><br \/>\n\t\t\t\t\t\t\t\t\t\t\tNaked Cakes<br \/>\n\t\t\t\t\t\t\t\t\t\t\t<\/a>\n\t\t\t\t\t\t\t\t\t<\/li>\n<li>\n\t\t\t\t\t\t\t\t\t\t\t<a href=\"#\"><br \/>\n\t\t\t\t\t\t\t\t\t\t\tLinha Infantil<br \/>\n\t\t\t\t\t\t\t\t\t\t\t<\/a>\n\t\t\t\t\t\t\t\t\t<\/li>\n<li>\n\t\t\t\t\t\t\t\t\t\t\t<a href=\"https:\/\/demo.templately.com\/fintech-news\/\"><br \/>\n\t\t\t\t\t\t\t\t\t\t\tLinha Vegana<br \/>\n\t\t\t\t\t\t\t\t\t\t\t<\/a>\n\t\t\t\t\t\t\t\t\t<\/li>\n<li>\n\t\t\t\t\t\t\t\t\t\t\t<a href=\"https:\/\/demo.templately.com\/fintech-contact\/\"><br \/>\n\t\t\t\t\t\t\t\t\t\t\tCat\u00e1logos<br \/>\n\t\t\t\t\t\t\t\t\t\t\t<\/a>\n\t\t\t\t\t\t\t\t\t<\/li>\n<\/ul>\n<h4>servi\u00e7os<\/h4>\n<ul>\n<li>\n\t\t\t\t\t\t\t\t\t\tCasamentos\n\t\t\t\t\t\t\t\t\t<\/li>\n<li>\n\t\t\t\t\t\t\t\t\t\tInfantil\n\t\t\t\t\t\t\t\t\t<\/li>\n<li>\n\t\t\t\t\t\t\t\t\t\tBodas\n\t\t\t\t\t\t\t\t\t<\/li>\n<li>\n\t\t\t\t\t\t\t\t\t\tAnivers\u00e1rios\n\t\t\t\t\t\t\t\t\t<\/li>\n<li>\n\t\t\t\t\t\t\t\t\t\tBatizados\n\t\t\t\t\t\t\t\t\t<\/li>\n<li>\n\t\t\t\t\t\t\t\t\t\t15 Anos\n\t\t\t\t\t\t\t\t\t<\/li>\n<li>\n\t\t\t\t\t\t\t\t\t\t\t<a href=\"#\"><br \/>\n\t\t\t\t\t\t\t\t\t\t\tBenta em Casa<br \/>\n\t\t\t\t\t\t\t\t\t\t\t<\/a>\n\t\t\t\t\t\t\t\t\t<\/li>\n<li>\n\t\t\t\t\t\t\t\t\t\tCorporativo\n\t\t\t\t\t\t\t\t\t<\/li>\n<\/ul>\n<p>\t\t\t<iframe frameborder=\"0\" scrolling=\"no\" marginheight=\"0\" marginwidth=\"0\"\n\t\t\t\t\tsrc=\"https:\/\/maps.google.com\/maps?q=R.%20Dom%20Estev%C3%A3o%20Brioso%2C%2072%20-%20Boa%20Viagem%2C%20Recife%20-%20PE%2C%2051021-430&#038;t=m&#038;z=10&#038;output=embed&#038;iwloc=near\"\n\t\t\t\t\ttitle=\"R. Dom Estev\u00e3o Brioso, 72 - Boa Viagem, Recife - PE, 51021-430\"\n\t\t\t\t\taria-label=\"R. Dom Estev\u00e3o Brioso, 72 - Boa Viagem, Recife - PE, 51021-430\"\n\t\t\t><\/iframe><\/p>\n","protected":false},"excerpt":{"rendered":"<p>Home Produtos Servi\u00e7os Quem Somos Contato Contato contato Mesclando presta\u00e7\u00e3o de servi\u00e7os, cria\u00e7\u00e3o de produtos sob medida, al\u00e9m de um time de profissionais altamente capacitado nas tend\u00eancias de mercado. Estamos prontos para transformar seus sonhos em realidade e levar at\u00e9 voc\u00ea as melhores experi\u00eancias gustativas. Agradecemos pela sua Confian\u00e7a Queremos lhe assegurar que as informa\u00e7\u00f5es&hellip;&nbsp;<a href=\"https:\/\/bentabrigaderia.com.br\/?page_id=1169\" rel=\"bookmark\">Continue a ler &raquo;<span class=\"screen-reader-text\">Contato<\/span><\/a><\/p>\n","protected":false},"author":1,"featured_media":0,"parent":0,"menu_order":0,"comment_status":"closed","ping_status":"closed","template":"page-templates\/template-pagebuilder-full-width.php","meta":{"neve_meta_sidebar":"","neve_meta_container":"","neve_meta_enable_content_width":"","neve_meta_content_width":0,"neve_meta_title_alignment":"","neve_meta_author_avatar":"","neve_post_elements_order":"","neve_meta_disable_header":"on","neve_meta_disable_footer":"on","neve_meta_disable_title":"on","footnotes":""},"class_list":["post-1169","page","type-page","status-publish","hentry"],"_links":{"self":[{"href":"https:\/\/bentabrigaderia.com.br\/index.php?rest_route=\/wp\/v2\/pages\/1169","targetHints":{"allow":["GET"]}}],"collection":[{"href":"https:\/\/bentabrigaderia.com.br\/index.php?rest_route=\/wp\/v2\/pages"}],"about":[{"href":"https:\/\/bentabrigaderia.com.br\/index.php?rest_route=\/wp\/v2\/types\/page"}],"author":[{"embeddable":true,"href":"https:\/\/bentabrigaderia.com.br\/index.php?rest_route=\/wp\/v2\/users\/1"}],"replies":[{"embeddable":true,"href":"https:\/\/bentabrigaderia.com.br\/index.php?rest_route=%2Fwp%2Fv2%2Fcomments&post=1169"}],"version-history":[{"count":61,"href":"https:\/\/bentabrigaderia.com.br\/index.php?rest_route=\/wp\/v2\/pages\/1169\/revisions"}],"predecessor-version":[{"id":1851,"href":"https:\/\/bentabrigaderia.com.br\/index.php?rest_route=\/wp\/v2\/pages\/1169\/revisions\/1851"}],"wp:attachment":[{"href":"https:\/\/bentabrigaderia.com.br\/index.php?rest_route=%2Fwp%2Fv2%2Fmedia&parent=1169"}],"curies":[{"name":"wp","href":"https:\/\/api.w.org\/{rel}","templated":true}]}}